{"id":285,"date":"2024-06-10T08:24:40","date_gmt":"2024-06-10T08:24:40","guid":{"rendered":"https:\/\/smokey-eyes.ch\/wordpress\/?page_id=285"},"modified":"2025-11-26T09:30:41","modified_gmt":"2025-11-26T09:30:41","slug":"smokey-eyes-grillkurs-all-you-need-to-know","status":"publish","type":"page","link":"https:\/\/smokey-eyes.ch\/wordpress\/startseite\/smokey-eyes-grillkurs-all-you-need-to-know\/","title":{"rendered":"smokey-eyes Grillkurs. &#171;All you need to know&#187;"},"content":{"rendered":"\n<figure class=\"wp-block-image size-large\"><img loading=\"lazy\" decoding=\"async\" width=\"1024\" height=\"576\" src=\"https:\/\/smokey-eyes.ch\/wordpress\/wp-content\/uploads\/2024\/05\/PXL_20240407_113329111-1024x576.jpg\" alt=\"\" class=\"wp-image-274\" srcset=\"https:\/\/smokey-eyes.ch\/wordpress\/wp-content\/uploads\/2024\/05\/PXL_20240407_113329111-1024x576.jpg 1024w, https:\/\/smokey-eyes.ch\/wordpress\/wp-content\/uploads\/2024\/05\/PXL_20240407_113329111-300x169.jpg 300w, https:\/\/smokey-eyes.ch\/wordpress\/wp-content\/uploads\/2024\/05\/PXL_20240407_113329111-768x432.jpg 768w, https:\/\/smokey-eyes.ch\/wordpress\/wp-content\/uploads\/2024\/05\/PXL_20240407_113329111-1536x864.jpg 1536w, https:\/\/smokey-eyes.ch\/wordpress\/wp-content\/uploads\/2024\/05\/PXL_20240407_113329111-2048x1152.jpg 2048w\" sizes=\"auto, (max-width: 767px) 89vw, (max-width: 1000px) 54vw, (max-width: 1071px) 543px, 580px\" \/><\/figure>\n\n\n\n<p>An diesem Kurs stellen wir dir alles Wissenswerte vor, was es f\u00fcr eine tolle Grillsaison braucht. <br><br><br>Du lernst s\u00e4mtliche Arten unserer Grills kennen, inklusive deren optimalen Einsatz. Vom Gasgrill \u00fcber den Pelletsmoker zum Wassersmoker bis hin zu verschieden grossen Keramikgrills. F\u00fcr alle Grillarten gibt es hilfreiche Tipps und Tricks, angefangen von der Bedienung, der Vor- und Nachteile, bis hin zur Wahl der Kohle oder Briketts und weiterem Grillzubeh\u00f6r.<\/p>\n\n\n\n<figure class=\"wp-block-image size-large\"><img loading=\"lazy\" decoding=\"async\" width=\"1024\" height=\"1024\" src=\"https:\/\/smokey-eyes.ch\/wordpress\/wp-content\/uploads\/2024\/05\/PXL_20240404_153632340-COLLAGE-1024x1024.jpg\" alt=\"\" class=\"wp-image-269\" srcset=\"https:\/\/smokey-eyes.ch\/wordpress\/wp-content\/uploads\/2024\/05\/PXL_20240404_153632340-COLLAGE-1024x1024.jpg 1024w, https:\/\/smokey-eyes.ch\/wordpress\/wp-content\/uploads\/2024\/05\/PXL_20240404_153632340-COLLAGE-300x300.jpg 300w, https:\/\/smokey-eyes.ch\/wordpress\/wp-content\/uploads\/2024\/05\/PXL_20240404_153632340-COLLAGE-150x150.jpg 150w, https:\/\/smokey-eyes.ch\/wordpress\/wp-content\/uploads\/2024\/05\/PXL_20240404_153632340-COLLAGE-768x768.jpg 768w, https:\/\/smokey-eyes.ch\/wordpress\/wp-content\/uploads\/2024\/05\/PXL_20240404_153632340-COLLAGE-1536x1536.jpg 1536w, https:\/\/smokey-eyes.ch\/wordpress\/wp-content\/uploads\/2024\/05\/PXL_20240404_153632340-COLLAGE-100x100.jpg 100w, https:\/\/smokey-eyes.ch\/wordpress\/wp-content\/uploads\/2024\/05\/PXL_20240404_153632340-COLLAGE.jpg 2046w\" sizes=\"auto, (max-width: 767px) 89vw, (max-width: 1000px) 54vw, (max-width: 1071px) 543px, 580px\" \/><\/figure>\n\n\n\n<p>W\u00e4hrend dieser Theorie wird bereits fleissig gegrillt und gesmoked und nat\u00fcrlich mit den &#171;onion bombs&#187; bereits erste Leckereien vom Grill genossen.<br>W\u00e4hrenddessen zeigen wir dir wie einfach du Quesadillas vom Grill f\u00fcr deine G\u00e4ste zuhause machen kannst, Dann schneiden wir gemeinsam leckere Spiesse aus einem grossen St\u00fcck Fleisch und zu guter Letzt grillen wir gemeinsam das Highlight des Abends, mehrere leckere Tomahawk Steaks.<\/p>\n\n\n\n<p>Dazu offerieren wir dir gerne auf Wunsch eine unserer ger\u00e4ucherten Zigarren und selbstverst\u00e4ndlich auch Getr\u00e4nke nach Wahl.<\/p>\n\n\n\n<p>Dieser Kurs gibt dir sehr viele Infos rund um die verschiedenen Grillarten und kann dir auch bei der Auswahl eines neuen oder zus\u00e4tzlichen Grills helfen.<br>Zugleich wird auf jedem Grill etwas f\u00fcr dich zubereitet und l\u00e4sst dich unterschiedlichen Geschm\u00e4cker von Gas, Pellet, Holz und Kohle erleben.<br>Das ganze runden wir mit einem k\u00fchlen Getr\u00e4nk und auf Wunsch mit einer unserer ger\u00e4uchten Zigarren ab.<br>Die Rezepte findest du bereits jetzt schon auf unserer <a href=\"https:\/\/smokey-eyes.ch\/wordpress\/grillwissen\/rezepte\/\" data-type=\"page\" data-id=\"229\">Rezept\u00fcbersicht<\/a>.<br><br>Die Teilnahme kostet pro Teilnehmer CHF 150.&#8211;<br>Der Kurs beginnt um 18:00 auf der Dachterrasse bei der Fors AG in Oberb\u00fcren und <br>dauert inklusive Essen 4 Stunden. <br>(Bei schlechtem Wetter werden wir in der modernen und grossz\u00fcgigen Showk\u00fcche der Fors AG essen)<br><br>Selbstverst\u00e4ndlich bieten wir diesen Kurs auch ganz individuell zugeschnitten an.<br>Bitte kontaktiere uns dazu auf <a href=\"mailto:info@smokey-eyes.ch\">info@smokey-eyes.ch<\/a><\/p>\n\n\n\n<p>Den Grillkurs gibt es auch als sch\u00f6nen Gutschein zum Verschenken:<br>Die Gutscheine im Wert von CHF 150.&#8211; kannst du direkt via Mail bei uns bestellen. Wir schicken Sie dir per Post zu, damit du Sie weiterverschenken kannst, oder auf Wunsch schicken wir den Gutschein auch direkt an die\/den Gl\u00fcckliche\/n. Schreib uns einfach an unter <a href=\"mailto:info@smokey-eyes.ch\">info@smokey-eyes.ch<\/a>.<\/p>\n\n\n\n<figure class=\"wp-block-image size-large\"><img loading=\"lazy\" decoding=\"async\" width=\"1024\" height=\"484\" src=\"https:\/\/smokey-eyes.ch\/wordpress\/wp-content\/uploads\/2024\/11\/smokey-eyes_gutschein_muster-1-1024x484.jpg\" alt=\"\" class=\"wp-image-311\" srcset=\"https:\/\/smokey-eyes.ch\/wordpress\/wp-content\/uploads\/2024\/11\/smokey-eyes_gutschein_muster-1-1024x484.jpg 1024w, https:\/\/smokey-eyes.ch\/wordpress\/wp-content\/uploads\/2024\/11\/smokey-eyes_gutschein_muster-1-300x142.jpg 300w, https:\/\/smokey-eyes.ch\/wordpress\/wp-content\/uploads\/2024\/11\/smokey-eyes_gutschein_muster-1-768x363.jpg 768w, https:\/\/smokey-eyes.ch\/wordpress\/wp-content\/uploads\/2024\/11\/smokey-eyes_gutschein_muster-1.jpg 1271w\" sizes=\"auto, (max-width: 767px) 89vw, (max-width: 1000px) 54vw, (max-width: 1071px) 543px, 580px\" \/><\/figure>\n\n\n\n<p><br><\/p>\n\n\n\n<pre class=\"wp-block-code\"><code><\/code><\/pre>\n\n\n","protected":false},"excerpt":{"rendered":"<p>An diesem Kurs stellen wir dir alles Wissenswerte vor, was es f\u00fcr eine tolle Grillsaison braucht. Du lernst s\u00e4mtliche Arten unserer Grills kennen, inklusive deren optimalen Einsatz. Vom Gasgrill \u00fcber den Pelletsmoker zum Wassersmoker bis hin zu verschieden grossen Keramikgrills. F\u00fcr alle Grillarten gibt es hilfreiche Tipps und Tricks, angefangen von der Bedienung, der Vor- &hellip; <\/p>\n<p class=\"link-more\"><a href=\"https:\/\/smokey-eyes.ch\/wordpress\/startseite\/smokey-eyes-grillkurs-all-you-need-to-know\/\" class=\"more-link\"><span class=\"screen-reader-text\">&#171;smokey-eyes Grillkurs. &#171;All you need to know&#187;&#187;<\/span> weiterlesen<\/a><\/p>\n","protected":false},"author":1,"featured_media":0,"parent":135,"menu_order":0,"comment_status":"closed","ping_status":"closed","template":"","meta":{"footnotes":""},"class_list":["post-285","page","type-page","status-publish","hentry"],"_links":{"self":[{"href":"https:\/\/smokey-eyes.ch\/wordpress\/wp-json\/wp\/v2\/pages\/285","targetHints":{"allow":["GET"]}}],"collection":[{"href":"https:\/\/smokey-eyes.ch\/wordpress\/wp-json\/wp\/v2\/pages"}],"about":[{"href":"https:\/\/smokey-eyes.ch\/wordpress\/wp-json\/wp\/v2\/types\/page"}],"author":[{"embeddable":true,"href":"https:\/\/smokey-eyes.ch\/wordpress\/wp-json\/wp\/v2\/users\/1"}],"replies":[{"embeddable":true,"href":"https:\/\/smokey-eyes.ch\/wordpress\/wp-json\/wp\/v2\/comments?post=285"}],"version-history":[{"count":14,"href":"https:\/\/smokey-eyes.ch\/wordpress\/wp-json\/wp\/v2\/pages\/285\/revisions"}],"predecessor-version":[{"id":343,"href":"https:\/\/smokey-eyes.ch\/wordpress\/wp-json\/wp\/v2\/pages\/285\/revisions\/343"}],"up":[{"embeddable":true,"href":"https:\/\/smokey-eyes.ch\/wordpress\/wp-json\/wp\/v2\/pages\/135"}],"wp:attachment":[{"href":"https:\/\/smokey-eyes.ch\/wordpress\/wp-json\/wp\/v2\/media?parent=285"}],"curies":[{"name":"wp","href":"https:\/\/api.w.org\/{rel}","templated":true}]}}